{"id":16142,"date":"2023-03-23T21:04:07","date_gmt":"2023-03-23T20:04:07","guid":{"rendered":"https:\/\/luxma.be\/?post_type=product&#038;p=16142"},"modified":"2026-03-16T14:23:21","modified_gmt":"2026-03-16T13:23:21","slug":"asta-mat-goud","status":"publish","type":"product","link":"https:\/\/luxma.be\/de\/producten\/asta-mat-goud\/","title":{"rendered":"ASTA MATT GOLD"},"content":{"rendered":"<p>Das Design des T\u00fcrgriffs ist minimalistisch und einfach, mit geraden Linien und einem sauberen Finish. Die Verwendung der Farbe Schwarz bietet einen starken Kontrast zu hellen T\u00fcren und W\u00e4nden und kann die Raum\u00e4sthetik aufwerten.<\/p>\n<p>Es besteht aus hochwertigem, langlebigem Aluminiummaterial, das jahrelang h\u00e4lt, ohne sich abzunutzen oder zu korrodieren.<\/p>\n<p>Die klaren Linien und die glatte Oberfl\u00e4che dieses modernen T\u00fcrgriffs sorgen f\u00fcr eine bequeme Verwendung und eine sch\u00f6ne \u00c4sthetik mit festem Griff.<\/p>\n<p>Die neue Farbe \u201eGold matt\u201c kommt direkt aus der Welt von K\u00fcche und Bad und ist hier die Trendfarbe der Stunde.<\/p>\n<p>&nbsp;<\/p>\n<p>Hergestellt in Italien !<\/p>","protected":false},"excerpt":{"rendered":"<p>Het ontwerp van de deurklink is minimalistisch en eenvoudig, met rechte lijnen en een strakke afwerking. Het gebruik van de kleur zwart zorgt voor een opvallend contrast op lichte deuren en muren en kan de esthetiek van de ruimte versterken. Hij is vervaardigd op basis van hoogwaardig duurzaam aluminiummateriaal, een garantie om\u00a0 jarenlang mee te [&hellip;]<\/p>\n","protected":false},"featured_media":16172,"template":"","meta":{"_acf_changed":false},"axe":[],"kastbreedte":[],"entree":[],"hoek":[],"houtsoort":[],"kleur":[7052],"kastlengte":[],"productlijn":[6011],"sloten":[],"vl_pl_hoogte_a":[],"product_brand":[],"product_cat":[904,867],"product_tag":[],"class_list":{"0":"post-16142","1":"product","2":"type-product","3":"status-publish","4":"has-post-thumbnail","6":"kleur-mat-goud","7":"productlijn-original","8":"product_cat-klinken","9":"product_cat-deurbeslag","10":"pa_beschrijving-deurkruk-asta-mat-mat-goud-rosas-sleutel","11":"pa_beschrijving-deurkruk-asta-mat-mat-goud-rosas-cilinder","12":"pa_beschrijving-deurkruk-asta-mat-mat-goud-rosas-wc","14":"first","15":"instock","16":"purchasable","17":"product-type-variable"},"acf":[],"_links":{"self":[{"href":"https:\/\/luxma.be\/de\/wp-json\/wp\/v2\/product\/16142","targetHints":{"allow":["GET"]}}],"collection":[{"href":"https:\/\/luxma.be\/de\/wp-json\/wp\/v2\/product"}],"about":[{"href":"https:\/\/luxma.be\/de\/wp-json\/wp\/v2\/types\/product"}],"wp:featuredmedia":[{"embeddable":true,"href":"https:\/\/luxma.be\/de\/wp-json\/wp\/v2\/media\/16172"}],"wp:attachment":[{"href":"https:\/\/luxma.be\/de\/wp-json\/wp\/v2\/media?parent=16142"}],"wp:term":[{"taxonomy":"axe","embeddable":true,"href":"https:\/\/luxma.be\/de\/wp-json\/wp\/v2\/axe?post=16142"},{"taxonomy":"kastbreedte","embeddable":true,"href":"https:\/\/luxma.be\/de\/wp-json\/wp\/v2\/kastbreedte?post=16142"},{"taxonomy":"entree","embeddable":true,"href":"https:\/\/luxma.be\/de\/wp-json\/wp\/v2\/entree?post=16142"},{"taxonomy":"hoek","embeddable":true,"href":"https:\/\/luxma.be\/de\/wp-json\/wp\/v2\/hoek?post=16142"},{"taxonomy":"houtsoort","embeddable":true,"href":"https:\/\/luxma.be\/de\/wp-json\/wp\/v2\/houtsoort?post=16142"},{"taxonomy":"kleur","embeddable":true,"href":"https:\/\/luxma.be\/de\/wp-json\/wp\/v2\/kleur?post=16142"},{"taxonomy":"kastlengte","embeddable":true,"href":"https:\/\/luxma.be\/de\/wp-json\/wp\/v2\/kastlengte?post=16142"},{"taxonomy":"productlijn","embeddable":true,"href":"https:\/\/luxma.be\/de\/wp-json\/wp\/v2\/productlijn?post=16142"},{"taxonomy":"sloten","embeddable":true,"href":"https:\/\/luxma.be\/de\/wp-json\/wp\/v2\/sloten?post=16142"},{"taxonomy":"vl_pl_hoogte_a","embeddable":true,"href":"https:\/\/luxma.be\/de\/wp-json\/wp\/v2\/vl_pl_hoogte_a?post=16142"},{"taxonomy":"product_brand","embeddable":true,"href":"https:\/\/luxma.be\/de\/wp-json\/wp\/v2\/product_brand?post=16142"},{"taxonomy":"product_cat","embeddable":true,"href":"https:\/\/luxma.be\/de\/wp-json\/wp\/v2\/product_cat?post=16142"},{"taxonomy":"product_tag","embeddable":true,"href":"https:\/\/luxma.be\/de\/wp-json\/wp\/v2\/product_tag?post=16142"}],"curies":[{"name":"wp","href":"https:\/\/api.w.org\/{rel}","templated":true}]}}