{"id":12813,"date":"2021-11-23T10:46:23","date_gmt":"2021-11-23T09:46:23","guid":{"rendered":"https:\/\/luxma.be\/?post_type=product&#038;p=12813"},"modified":"2025-01-24T11:54:17","modified_gmt":"2025-01-24T10:54:17","slug":"dolle-loft-clickfixthermo-comfort-maatwerk","status":"publish","type":"product","link":"https:\/\/luxma.be\/de\/producten\/dolle-loft-clickfixthermo-comfort-maatwerk\/","title":{"rendered":"Mad Loft clickFIX<sup>\u00ae<\/sup>Komfortanpassung"},"content":{"rendered":"<p>ClickFIX\u00ae \u2013 EINFACH ZU INSTALLIEREN<\/p>\n<p>Der clic kFIX\u00ae Comfort ist Teil der einzigartigen clickFIX\u00ae Dachbodenleiterlinie von DOLLE. Dank seines geringen Gewichts und der patentierten Montagetechnik ist clickFIX\u00ae einfach zu installieren<br \/>\nvon einer Person montiert werden. Ganz einfach, 240 mm hohes Geh\u00e4use ausrichten, verschrauben, Luke und Leiterteil einrasten und an die Raumh\u00f6he anpassen, fertig. Dies f\u00fchrt zu einer absolut luftdichten Installation.<\/p>\n<p>KOMFORTABLE STUFEN, TELESKOP-HANDLAUF UND FEDERMECHANISMUS<\/p>\n<p>F\u00fcr mehr Komfort und Sicherheit sind die Stufen des DOLLE clickFIX\u00ae Comfort besonders tief ausgelegt. Sie sind 13 cm tief und bieten daher einen sehr sicheren Untergrund. Der Teleskophandlauf sorgt f\u00fcr sicheren Halt beim Auf- und Absteigen. Auf Wunsch kann ein zweiter Handlauf als Zubeh\u00f6r bestellt werden. Der DOLLE clickFIX\u00ae Comfort ist einfach und komfortabel zu bedienen. Ein Federmechanismus macht das Auf- und Abklappen buchst\u00e4blich federleicht.<\/p>\n<p>ENERGIEEFFIZIENT<\/p>\n<p>Das patentierte DOLLE clickFIX\u00ae-Sortiment ist optimal isoliert und einfach zu installieren f\u00fcr den \u00dcbergang vom warmen Wohnzimmer zum oft k\u00fchleren Dachboden. Es verhindert Energieverluste aufgrund der Luftdichtheit, die durch den Zugluftstopper erreicht wird. Die umlaufenden Doppeldichtungen und Eckdichtungen reduzieren die Gefahr von Kondenswasserbildung deutlich und sch\u00fctzen effektiv vor m\u00f6glicher Schimmelbildung. DOLLE clickFIX\u00ae Comfort hat einen bauteilgepr\u00fcften U-Wert von 0,49 W\/m\u00b2 \u00b7 K gepr\u00fcft durch das IFT Rosenheim.<\/p>","protected":false},"excerpt":{"rendered":"<p>ClickFIX\u00ae-EENVOUDIG TE INSTALLEREN De clic kFIX\u00ae Comfort maakt deel uit van de unieke clickFIX\u00ae zolderladderlijn van DOLLE. Dankzij het lage gewicht en de gepatenteerde montagetechniek kan clickFIX\u00ae eenvoudig door \u00e9\u00e9n persoon worden ge\u00efnstalleerd. Heel eenvoudig, de 240 mm hoge omkasting uitlijnen, vastschroeven, luik en het ladder gedeelte klikken en aanpassen aan de hoogte van de [&hellip;]<\/p>\n","protected":false},"featured_media":18048,"template":"","meta":{"_acf_changed":false},"axe":[],"kastbreedte":[7083],"entree":[],"hoek":[],"houtsoort":[],"kleur":[],"kastlengte":[7084],"productlijn":[],"sloten":[],"vl_pl_hoogte_a":[],"product_brand":[],"product_cat":[1745,1744],"product_tag":[6486,6987],"class_list":{"0":"post-12813","1":"product","2":"type-product","3":"status-publish","4":"has-post-thumbnail","6":"kastbreedte-andere-maat","7":"kastlengte-andere-maat","8":"product_cat-zoldertrappen","9":"product_cat-trappen","10":"product_tag-dolle","11":"product_tag-hout-en-trappen","13":"first","14":"onbackorder","15":"purchasable","16":"product-type-simple"},"acf":[],"_links":{"self":[{"href":"https:\/\/luxma.be\/de\/wp-json\/wp\/v2\/product\/12813","targetHints":{"allow":["GET"]}}],"collection":[{"href":"https:\/\/luxma.be\/de\/wp-json\/wp\/v2\/product"}],"about":[{"href":"https:\/\/luxma.be\/de\/wp-json\/wp\/v2\/types\/product"}],"wp:featuredmedia":[{"embeddable":true,"href":"https:\/\/luxma.be\/de\/wp-json\/wp\/v2\/media\/18048"}],"wp:attachment":[{"href":"https:\/\/luxma.be\/de\/wp-json\/wp\/v2\/media?parent=12813"}],"wp:term":[{"taxonomy":"axe","embeddable":true,"href":"https:\/\/luxma.be\/de\/wp-json\/wp\/v2\/axe?post=12813"},{"taxonomy":"kastbreedte","embeddable":true,"href":"https:\/\/luxma.be\/de\/wp-json\/wp\/v2\/kastbreedte?post=12813"},{"taxonomy":"entree","embeddable":true,"href":"https:\/\/luxma.be\/de\/wp-json\/wp\/v2\/entree?post=12813"},{"taxonomy":"hoek","embeddable":true,"href":"https:\/\/luxma.be\/de\/wp-json\/wp\/v2\/hoek?post=12813"},{"taxonomy":"houtsoort","embeddable":true,"href":"https:\/\/luxma.be\/de\/wp-json\/wp\/v2\/houtsoort?post=12813"},{"taxonomy":"kleur","embeddable":true,"href":"https:\/\/luxma.be\/de\/wp-json\/wp\/v2\/kleur?post=12813"},{"taxonomy":"kastlengte","embeddable":true,"href":"https:\/\/luxma.be\/de\/wp-json\/wp\/v2\/kastlengte?post=12813"},{"taxonomy":"productlijn","embeddable":true,"href":"https:\/\/luxma.be\/de\/wp-json\/wp\/v2\/productlijn?post=12813"},{"taxonomy":"sloten","embeddable":true,"href":"https:\/\/luxma.be\/de\/wp-json\/wp\/v2\/sloten?post=12813"},{"taxonomy":"vl_pl_hoogte_a","embeddable":true,"href":"https:\/\/luxma.be\/de\/wp-json\/wp\/v2\/vl_pl_hoogte_a?post=12813"},{"taxonomy":"product_brand","embeddable":true,"href":"https:\/\/luxma.be\/de\/wp-json\/wp\/v2\/product_brand?post=12813"},{"taxonomy":"product_cat","embeddable":true,"href":"https:\/\/luxma.be\/de\/wp-json\/wp\/v2\/product_cat?post=12813"},{"taxonomy":"product_tag","embeddable":true,"href":"https:\/\/luxma.be\/de\/wp-json\/wp\/v2\/product_tag?post=12813"}],"curies":[{"name":"wp","href":"https:\/\/api.w.org\/{rel}","templated":true}]}}