{"id":12712,"date":"2021-11-22T09:58:09","date_gmt":"2021-11-22T08:58:09","guid":{"rendered":"https:\/\/luxma.be\/?post_type=product&#038;p=12712"},"modified":"2026-03-16T14:22:34","modified_gmt":"2026-03-16T13:22:34","slug":"dolle-architraven-cf-120x70","status":"publish","type":"product","link":"https:\/\/luxma.be\/de\/producten\/dolle-architraven-cf-120x70\/","title":{"rendered":"DOLLE FINISHING LATTEN CF 120X70"},"content":{"rendered":"<p>Diese Abschlussleisten passen zu allen Modellen der DOLLE CF Dachbodenleitern und verleihen der Treppe einen sch\u00f6nen Abschluss. Sehr einfach mit nur wenigen Klicks zu installieren - keine N\u00e4gel oder Schrauben erforderlich. Einfach zu s\u00e4ubern.<\/p>","protected":false},"excerpt":{"rendered":"<p>Diese Abschlussleisten passen zu allen Modellen der DOLLE CF Dachbodenleitern und verleihen der Treppe einen sch\u00f6nen Abschluss. Sehr einfach mit nur wenigen Klicks zu installieren - keine N\u00e4gel oder Schrauben erforderlich. Einfach zu s\u00e4ubern.<\/p>","protected":false},"featured_media":12708,"template":"","meta":{"_acf_changed":false},"axe":[],"kastbreedte":[],"entree":[],"hoek":[],"houtsoort":[],"kleur":[],"kastlengte":[],"productlijn":[],"sloten":[],"vl_pl_hoogte_a":[],"product_brand":[],"product_cat":[1744,6981],"product_tag":[6987],"class_list":{"0":"post-12712","1":"product","2":"type-product","3":"status-publish","4":"has-post-thumbnail","6":"product_cat-trappen","7":"product_cat-onderdelen","8":"product_tag-hout-en-trappen","10":"first","11":"onbackorder","12":"purchasable","13":"product-type-simple"},"acf":[],"_links":{"self":[{"href":"https:\/\/luxma.be\/de\/wp-json\/wp\/v2\/product\/12712","targetHints":{"allow":["GET"]}}],"collection":[{"href":"https:\/\/luxma.be\/de\/wp-json\/wp\/v2\/product"}],"about":[{"href":"https:\/\/luxma.be\/de\/wp-json\/wp\/v2\/types\/product"}],"wp:featuredmedia":[{"embeddable":true,"href":"https:\/\/luxma.be\/de\/wp-json\/wp\/v2\/media\/12708"}],"wp:attachment":[{"href":"https:\/\/luxma.be\/de\/wp-json\/wp\/v2\/media?parent=12712"}],"wp:term":[{"taxonomy":"axe","embeddable":true,"href":"https:\/\/luxma.be\/de\/wp-json\/wp\/v2\/axe?post=12712"},{"taxonomy":"kastbreedte","embeddable":true,"href":"https:\/\/luxma.be\/de\/wp-json\/wp\/v2\/kastbreedte?post=12712"},{"taxonomy":"entree","embeddable":true,"href":"https:\/\/luxma.be\/de\/wp-json\/wp\/v2\/entree?post=12712"},{"taxonomy":"hoek","embeddable":true,"href":"https:\/\/luxma.be\/de\/wp-json\/wp\/v2\/hoek?post=12712"},{"taxonomy":"houtsoort","embeddable":true,"href":"https:\/\/luxma.be\/de\/wp-json\/wp\/v2\/houtsoort?post=12712"},{"taxonomy":"kleur","embeddable":true,"href":"https:\/\/luxma.be\/de\/wp-json\/wp\/v2\/kleur?post=12712"},{"taxonomy":"kastlengte","embeddable":true,"href":"https:\/\/luxma.be\/de\/wp-json\/wp\/v2\/kastlengte?post=12712"},{"taxonomy":"productlijn","embeddable":true,"href":"https:\/\/luxma.be\/de\/wp-json\/wp\/v2\/productlijn?post=12712"},{"taxonomy":"sloten","embeddable":true,"href":"https:\/\/luxma.be\/de\/wp-json\/wp\/v2\/sloten?post=12712"},{"taxonomy":"vl_pl_hoogte_a","embeddable":true,"href":"https:\/\/luxma.be\/de\/wp-json\/wp\/v2\/vl_pl_hoogte_a?post=12712"},{"taxonomy":"product_brand","embeddable":true,"href":"https:\/\/luxma.be\/de\/wp-json\/wp\/v2\/product_brand?post=12712"},{"taxonomy":"product_cat","embeddable":true,"href":"https:\/\/luxma.be\/de\/wp-json\/wp\/v2\/product_cat?post=12712"},{"taxonomy":"product_tag","embeddable":true,"href":"https:\/\/luxma.be\/de\/wp-json\/wp\/v2\/product_tag?post=12712"}],"curies":[{"name":"wp","href":"https:\/\/api.w.org\/{rel}","templated":true}]}}