{"id":9939,"date":"2021-04-20T15:43:27","date_gmt":"2021-04-20T13:43:27","guid":{"rendered":"https:\/\/luxma.be\/?page_id=9939"},"modified":"2021-04-22T15:58:27","modified_gmt":"2021-04-22T13:58:27","slug":"de-clickfix-technologie","status":"publish","type":"page","link":"https:\/\/luxma.be\/de\/de-clickfix-technologie\/","title":{"rendered":"Die clickFIX\u00ae-Technologie"},"content":{"rendered":"<div data-elementor-type=\"wp-page\" data-elementor-id=\"9939\" class=\"elementor elementor-9939\" data-elementor-post-type=\"page\">\n\t\t\t\t\t\t<section class=\"elementor-section elementor-top-section elementor-element elementor-element-79f855d0 elementor-section-boxed elementor-section-height-default elementor-section-height-default\" data-id=\"79f855d0\" data-element_type=\"section\" data-e-type=\"section\">\n\t\t\t\t\t\t<div class=\"elementor-container elementor-column-gap-default\">\n\t\t\t\t\t<div class=\"elementor-column elementor-col-100 elementor-top-column elementor-element elementor-element-4cefc3b6\" data-id=\"4cefc3b6\" data-element_type=\"column\" data-e-type=\"column\">\n\t\t\t<div class=\"elementor-widget-wrap elementor-element-populated\">\n\t\t\t\t\t\t<div class=\"elementor-element elementor-element-d6d7e4e elementor-widget elementor-widget-image\" data-id=\"d6d7e4e\" data-element_type=\"widget\" data-e-type=\"widget\" data-widget_type=\"image.default\">\n\t\t\t\t<div class=\"elementor-widget-container\">\n\t\t\t\t\t\t\t\t\t\t\t\t\t\t\t<img decoding=\"async\" width=\"220\" height=\"85\" src=\"https:\/\/luxma.be\/wp-content\/uploads\/2021\/04\/dolle-logo.png\" class=\"attachment-woocommerce_thumbnail size-woocommerce_thumbnail wp-image-9904\" alt=\"\" \/>\t\t\t\t\t\t\t\t\t\t\t\t\t\t\t<\/div>\n\t\t\t\t<\/div>\n\t\t\t\t<div class=\"elementor-element elementor-element-62c7c92 elementor-widget elementor-widget-heading\" data-id=\"62c7c92\" data-element_type=\"widget\" data-e-type=\"widget\" data-widget_type=\"heading.default\">\n\t\t\t\t<div class=\"elementor-widget-container\">\n\t\t\t\t\t<h2 class=\"elementor-heading-title elementor-size-large\"><span style=\"font-weight: 600;white-space: normal\">Die clickFIX\u00ae-Technologie<\/span><\/h2>\t\t\t\t<\/div>\n\t\t\t\t<\/div>\n\t\t\t\t<div class=\"elementor-element elementor-element-f61ef78 elementor-widget elementor-widget-text-editor\" data-id=\"f61ef78\" data-element_type=\"widget\" data-e-type=\"widget\" data-widget_type=\"text-editor.default\">\n\t\t\t\t<div class=\"elementor-widget-container\">\n\t\t\t\t\t\t\t\t\t<p><\/p>\n<p><strong style=\"color: var( --e-global-color-text ); font-family: var( --e-global-typography-text-font-family ), Sans-serif; font-size: var( --e-global-typography-text-font-size ); letter-spacing: var( --e-global-typography-text-letter-spacing );\">AUSGEZEICHNETE ISOLIERUNG REDUZIERT W\u00c4RMEEIGENSCHAFTEN<\/strong><strong style=\"color: var( --e-global-color-text ); font-family: var( --e-global-typography-text-font-family ), Sans-serif; font-size: var( --e-global-typography-text-font-size ); letter-spacing: var( --e-global-typography-text-letter-spacing );\">RLIES UND W\u00c4RMEBR\u00dcCKE<\/strong><strong style=\"color: var( --e-global-color-text ); font-family: var( --e-global-typography-text-font-family ), Sans-serif; font-size: var( --e-global-typography-text-font-size ); letter-spacing: var( --e-global-typography-text-letter-spacing );\">GEN<\/strong><\/p>\n<p>Skandinavisches Design und Handwerkskunst verbinden sich zu branchenf\u00fchrender Energieeffizienz. Die patentierte clickFIX\u00ae-Technologie sorgt daf\u00fcr, dass keine K\u00e4ltebr\u00fccken entstehen. Dies liegt vor allem daran, dass die Luke ausschlie\u00dflich aus hochisolierendem Material und nicht aus einer Holzkonstruktion besteht. Die einzigartige Versiegelung sorgt zudem f\u00fcr Luftdichtheit. All dies erm\u00f6glicht es uns, eine hervorragende W\u00e4rmed\u00e4mmung f\u00fcr Ihr Zuhause zu realisieren. Dolle hat die besten U-Werte auf dem Markt, je niedriger der U-Wert, desto besser die Isolierung.\u00a0<span style=\"color: var( --e-global-color-text ); font-family: var( --e-global-typography-text-font-family ), Sans-serif; font-size: var( --e-global-typography-text-font-size ); font-weight: var( --e-global-typography-text-font-weight ); letter-spacing: var( --e-global-typography-text-letter-spacing );\">Der ermittelte U-Wert ist das Ergebnis einer Pr\u00fcfung der Dachbodentreppe als Bauteil und nicht auf Basis eines Messwertes.\u00a0<\/span><span style=\"color: var( --e-global-color-text ); font-family: var( --e-global-typography-text-font-family ), Sans-serif; font-size: var( --e-global-typography-text-font-size ); font-weight: var( --e-global-typography-text-font-weight ); letter-spacing: var( --e-global-typography-text-letter-spacing );\">.<\/span><\/p>\n<p>Es\u00a0<span style=\"color: var( --e-global-color-text ); font-family: var( --e-global-typography-text-font-family ), Sans-serif; font-size: var( --e-global-typography-text-font-size ); font-weight: var( --e-global-typography-text-font-weight ); letter-spacing: var( --e-global-typography-text-letter-spacing );\">clickFIX\u00ae Luke ist vollisoliert mit einer dicken Polystyrolschicht mit wei\u00dfer Beschichtung. Dies gew\u00e4hrleistet einen niedrigen U-Wert. :<\/span><\/p>\n<p><img fetchpriority=\"high\" decoding=\"async\" class=\"alignnone size-full wp-image-10023\" src=\"https:\/\/luxma.be\/wp-content\/uploads\/2021\/04\/Dolle-6.gif\" alt=\"\" width=\"248\" height=\"208\" \/><\/p>\n<p><span style=\"color: var( --e-global-color-text ); font-family: var( --e-global-typography-text-font-family ), Sans-serif; font-size: var( --e-global-typography-text-font-size ); font-weight: var( --e-global-typography-text-font-weight ); letter-spacing: var( --e-global-typography-text-letter-spacing );\">Diese Dachbodenleitern werden in D\u00e4nemark hergestellt und das meiste Holz stammt aus erneuerbaren FSC\u00ae-zertifizierten W\u00e4ldern<\/span><\/p>\n<p><img decoding=\"async\" class=\"size-full wp-image-10022 alignnone\" src=\"https:\/\/luxma.be\/wp-content\/uploads\/2021\/04\/Dolle-5.gif\" alt=\"\" width=\"261\" height=\"213\" \/><\/p>\n<p><span style=\"color: var( --e-global-color-text ); font-family: var( --e-global-typography-text-font-family ), Sans-serif; font-size: var( --e-global-typography-text-font-size ); font-weight: var( --e-global-typography-text-font-weight ); letter-spacing: var( --e-global-typography-text-letter-spacing );\">Da die clickFIX\u00ae Luke ausschlie\u00dflich aus hochwertigem D\u00e4mmmaterial ohne Holzkonstruktion besteht, entstehen keine W\u00e4rmebr\u00fccken. Dies in Kombination mit einer einzigartigen Dichtung f\u00fchrt zu maximaler Isolierung:<\/span><\/p>\n<p><span style=\"color: var( --e-global-color-text ); font-family: var( --e-global-typography-text-font-family ), Sans-serif; font-size: var( --e-global-typography-text-font-size ); font-weight: var( --e-global-typography-text-font-weight ); letter-spacing: var( --e-global-typography-text-letter-spacing );\">\u00a0<\/span><img loading=\"lazy\" decoding=\"async\" style=\"color: var( --e-global-color-text ); font-family: var( --e-global-typography-text-font-family ), Sans-serif; font-size: var( --e-global-typography-text-font-size ); font-weight: var( --e-global-typography-text-font-weight ); letter-spacing: var( --e-global-typography-text-letter-spacing );\" src=\"https:\/\/luxma.be\/wp-content\/uploads\/2021\/04\/Dolle-1-150x150.gif\" alt=\"\" width=\"150\" height=\"150\" \/><img loading=\"lazy\" decoding=\"async\" class=\"size-large wp-image-10020 alignright\" src=\"https:\/\/luxma.be\/wp-content\/uploads\/2021\/04\/Dolle-3-1024x131.gif\" alt=\"\" width=\"800\" height=\"102\" srcset=\"https:\/\/luxma.be\/wp-content\/uploads\/2021\/04\/Dolle-3-1024x131.gif 1024w, https:\/\/luxma.be\/wp-content\/uploads\/2021\/04\/Dolle-3-600x77.gif 600w, https:\/\/luxma.be\/wp-content\/uploads\/2021\/04\/Dolle-3-300x39.gif 300w, https:\/\/luxma.be\/wp-content\/uploads\/2021\/04\/Dolle-3-768x99.gif 768w\" sizes=\"(max-width: 800px) 100vw, 800px\" \/><\/p>\n<p>\u00a0<\/p>\n<p><strong>FOKUS<\/strong><strong style=\"color: var( --e-global-color-text ); font-family: var( --e-global-typography-text-font-family ), Sans-serif; font-size: var( --e-global-typography-text-font-size ); letter-spacing: var( --e-global-typography-text-letter-spacing );\">S ZUR EINFACHEN MONTAGE EINER LOFT-LEITER<\/strong><\/p>\n<p><span style=\"color: var( --e-global-color-text ); font-family: var( --e-global-typography-text-font-family ), Sans-serif; font-size: var( --e-global-typography-text-font-size ); font-weight: var( --e-global-typography-text-font-weight ); letter-spacing: var( --e-global-typography-text-letter-spacing );\">Die ClickFIX\u00ae Dachbodenleitern bestehen aus drei separaten Komponenten, dem Geh\u00e4use, der Leiter und der Luke, die mit einem patentierten Klicksystem montiert werden. Sowohl Profis als auch Heimwerker finden die clickFIX\u00ae Dachbodentreppe einfach zu montieren, auch alleine.<\/span><\/p>\n<p>Dank des geringen Gewichts und der patentierten Montagetechnik mit \u201eKlick\u201c-Modulen, a\u00a0<span style=\"color: var( --e-global-color-text ); font-family: var( --e-global-typography-text-font-family ), Sans-serif; font-size: var( --e-global-typography-text-font-size ); font-weight: var( --e-global-typography-text-font-weight ); letter-spacing: var( --e-global-typography-text-letter-spacing );\">ClickFIX\u00ae Dachbodenleiter kann einfach von 1 Person installiert werden:<\/span><\/p>\n<p><span style=\"color: var( --e-global-color-text ); font-family: var( --e-global-typography-text-font-family ), Sans-serif; font-size: var( --e-global-typography-text-font-size ); font-weight: var( --e-global-typography-text-font-weight ); letter-spacing: var( --e-global-typography-text-letter-spacing );\">\u00a0\u00a0<\/span><img loading=\"lazy\" decoding=\"async\" style=\"color: var( --e-global-color-text ); font-family: var( --e-global-typography-text-font-family ), Sans-serif; font-size: var( --e-global-typography-text-font-size ); font-weight: var( --e-global-typography-text-font-weight ); letter-spacing: var( --e-global-typography-text-letter-spacing );\" src=\"https:\/\/luxma.be\/wp-content\/uploads\/2021\/04\/Dolle-2-150x150.gif\" alt=\"\" width=\"150\" height=\"150\" \/><img loading=\"lazy\" decoding=\"async\" class=\"alignnone size-full wp-image-10021\" src=\"https:\/\/luxma.be\/wp-content\/uploads\/2021\/04\/Dolle-4.gif\" alt=\"\" width=\"962\" height=\"133\" \/><\/p>\n<h1>\u00a0<a href=\"https:\/\/www.youtube.com\/watch?v=LyjVqLCF_mw\" target=\"_blank\" rel=\"noopener\"><strong>Installationsvideo<\/strong><\/a><\/h1>\n<p><\/p>\t\t\t\t\t\t\t\t<\/div>\n\t\t\t\t<\/div>\n\t\t\t\t\t<\/div>\n\t\t<\/div>\n\t\t\t\t\t<\/div>\n\t\t<\/section>\n\t\t\t\t<section class=\"elementor-section elementor-top-section elementor-element elementor-element-bd5fd9c elementor-section-boxed elementor-section-height-default elementor-section-height-default\" data-id=\"bd5fd9c\" data-element_type=\"section\" data-e-type=\"section\">\n\t\t\t\t\t\t<div class=\"elementor-container elementor-column-gap-default\">\n\t\t\t\t\t<div class=\"elementor-column elementor-col-100 elementor-top-column elementor-element elementor-element-457b619\" data-id=\"457b619\" data-element_type=\"column\" data-e-type=\"column\">\n\t\t\t<div class=\"elementor-widget-wrap elementor-element-populated\">\n\t\t\t\t\t\t<div class=\"elementor-element elementor-element-93702ad elementor-widget elementor-widget-image\" data-id=\"93702ad\" data-element_type=\"widget\" data-e-type=\"widget\" data-widget_type=\"image.default\">\n\t\t\t\t<div class=\"elementor-widget-container\">\n\t\t\t\t\t\t\t\t\t\t\t\t\t\t\t<img loading=\"lazy\" decoding=\"async\" width=\"2560\" height=\"1440\" src=\"https:\/\/luxma.be\/wp-content\/uploads\/2020\/07\/CF56_miljo-scaled.jpg\" class=\"attachment-full size-full wp-image-9866\" alt=\"\" srcset=\"https:\/\/luxma.be\/wp-content\/uploads\/2020\/07\/CF56_miljo-scaled.jpg 2560w, https:\/\/luxma.be\/wp-content\/uploads\/2020\/07\/CF56_miljo-scaled-600x338.jpg 600w, https:\/\/luxma.be\/wp-content\/uploads\/2020\/07\/CF56_miljo-scaled-300x169.jpg 300w, https:\/\/luxma.be\/wp-content\/uploads\/2020\/07\/CF56_miljo-1024x576.jpg 1024w, https:\/\/luxma.be\/wp-content\/uploads\/2020\/07\/CF56_miljo-768x432.jpg 768w, https:\/\/luxma.be\/wp-content\/uploads\/2020\/07\/CF56_miljo-1536x864.jpg 1536w, https:\/\/luxma.be\/wp-content\/uploads\/2020\/07\/CF56_miljo-2048x1152.jpg 2048w\" sizes=\"(max-width: 2560px) 100vw, 2560px\" \/>\t\t\t\t\t\t\t\t\t\t\t\t\t\t\t<\/div>\n\t\t\t\t<\/div>\n\t\t\t\t\t<\/div>\n\t\t<\/div>\n\t\t\t\t\t<\/div>\n\t\t<\/section>\n\t\t\t\t<\/div>","protected":false},"excerpt":{"rendered":"<p>De clickFIX\u00ae-technologie UITSTEKENDE ISOLATIE VERMINDERT WARMTEVERLIES EN THERMISCHE BRUGGEN Het Scandinavisch design en vakmanschap worden gecombineerd om toonaangevende energie-effici\u00ebntie te leveren. De gepatenteerde clickFIX\u00ae-technologie zorgt ervoor dat er geen koudebruggen ontstaan. Dit is voornamelijk omdat het luik uitsluitend uit hoog isolerend materiaal bestaat en niet uit een houten constructie. De unieke afdichting zorgt tevens voor [&hellip;]<\/p>\n","protected":false},"author":1,"featured_media":0,"parent":0,"menu_order":0,"comment_status":"closed","ping_status":"closed","template":"elementor_header_footer","meta":{"_acf_changed":false,"footnotes":""},"class_list":["post-9939","page","type-page","status-publish","hentry"],"acf":[],"_links":{"self":[{"href":"https:\/\/luxma.be\/de\/wp-json\/wp\/v2\/pages\/9939","targetHints":{"allow":["GET"]}}],"collection":[{"href":"https:\/\/luxma.be\/de\/wp-json\/wp\/v2\/pages"}],"about":[{"href":"https:\/\/luxma.be\/de\/wp-json\/wp\/v2\/types\/page"}],"author":[{"embeddable":true,"href":"https:\/\/luxma.be\/de\/wp-json\/wp\/v2\/users\/1"}],"replies":[{"embeddable":true,"href":"https:\/\/luxma.be\/de\/wp-json\/wp\/v2\/comments?post=9939"}],"version-history":[{"count":0,"href":"https:\/\/luxma.be\/de\/wp-json\/wp\/v2\/pages\/9939\/revisions"}],"wp:attachment":[{"href":"https:\/\/luxma.be\/de\/wp-json\/wp\/v2\/media?parent=9939"}],"curies":[{"name":"wp","href":"https:\/\/api.w.org\/{rel}","templated":true}]}}