{"id":11,"date":"2019-10-25T12:01:48","date_gmt":"2019-10-25T10:01:48","guid":{"rendered":"http:\/\/luxma.local\/?page_id=11"},"modified":"2020-06-29T17:26:02","modified_gmt":"2020-06-29T15:26:02","slug":"over-ons","status":"publish","type":"page","link":"https:\/\/luxma.be\/de\/over-ons\/","title":{"rendered":"\u00dcber uns"},"content":{"rendered":"<div data-elementor-type=\"wp-page\" data-elementor-id=\"11\" class=\"elementor elementor-11\" data-elementor-post-type=\"page\">\n\t\t\t\t\t\t<section class=\"elementor-section elementor-top-section elementor-element elementor-element-e3e44be elementor-section-boxed elementor-section-height-default elementor-section-height-default\" data-id=\"e3e44be\" data-element_type=\"section\" data-e-type=\"section\">\n\t\t\t\t\t\t<div class=\"elementor-container elementor-column-gap-default\">\n\t\t\t\t\t<div class=\"elementor-column elementor-col-100 elementor-top-column elementor-element elementor-element-8c5a98c\" data-id=\"8c5a98c\" data-element_type=\"column\" data-e-type=\"column\">\n\t\t\t<div class=\"elementor-widget-wrap elementor-element-populated\">\n\t\t\t\t\t\t<div class=\"elementor-element elementor-element-0ea2f0c elementor-widget elementor-widget-image\" data-id=\"0ea2f0c\" data-element_type=\"widget\" data-e-type=\"widget\" data-widget_type=\"image.default\">\n\t\t\t\t<div class=\"elementor-widget-container\">\n\t\t\t\t\t\t\t\t\t\t\t\t\t\t\t\t<a href=\"https:\/\/luxma.be\/de\/wij-zijn-een-inclusieve-onderneming\/\">\n\t\t\t\t\t\t\t<img fetchpriority=\"high\" decoding=\"async\" width=\"775\" height=\"156\" src=\"https:\/\/luxma.be\/wp-content\/uploads\/2020\/06\/Luxma-Inclusieve-onderneming-small.pdf.gif\" class=\"attachment-large size-large wp-image-5795\" alt=\"\" \/>\t\t\t\t\t\t\t\t<\/a>\n\t\t\t\t\t\t\t\t\t\t\t\t\t\t\t<\/div>\n\t\t\t\t<\/div>\n\t\t\t\t\t<\/div>\n\t\t<\/div>\n\t\t\t\t\t<\/div>\n\t\t<\/section>\n\t\t\t\t<section class=\"elementor-section elementor-top-section elementor-element elementor-element-cc1cbcf elementor-section-boxed elementor-section-height-default elementor-section-height-default\" data-id=\"cc1cbcf\" data-element_type=\"section\" data-e-type=\"section\">\n\t\t\t\t\t\t<div class=\"elementor-container elementor-column-gap-default\">\n\t\t\t\t\t<div class=\"elementor-column elementor-col-50 elementor-top-column elementor-element elementor-element-8699cea\" data-id=\"8699cea\" data-element_type=\"column\" data-e-type=\"column\">\n\t\t\t<div class=\"elementor-widget-wrap elementor-element-populated\">\n\t\t\t\t\t\t<div class=\"elementor-element elementor-element-7bdbb64 elementor-widget elementor-widget-image\" data-id=\"7bdbb64\" data-element_type=\"widget\" data-e-type=\"widget\" data-widget_type=\"image.default\">\n\t\t\t\t<div class=\"elementor-widget-container\">\n\t\t\t\t\t\t\t\t\t\t\t\t\t\t\t<img decoding=\"async\" width=\"2560\" height=\"1810\" src=\"https:\/\/luxma.be\/wp-content\/uploads\/2020\/05\/Luxma-overzicht-scaled.jpg\" class=\"attachment-full size-full wp-image-4044\" alt=\"\" srcset=\"https:\/\/luxma.be\/wp-content\/uploads\/2020\/05\/Luxma-overzicht-scaled.jpg 2560w, https:\/\/luxma.be\/wp-content\/uploads\/2020\/05\/Luxma-overzicht-scaled-600x424.jpg 600w, https:\/\/luxma.be\/wp-content\/uploads\/2020\/05\/Luxma-overzicht-scaled-300x212.jpg 300w, https:\/\/luxma.be\/wp-content\/uploads\/2020\/05\/Luxma-overzicht-1024x724.jpg 1024w, https:\/\/luxma.be\/wp-content\/uploads\/2020\/05\/Luxma-overzicht-768x543.jpg 768w, https:\/\/luxma.be\/wp-content\/uploads\/2020\/05\/Luxma-overzicht-1536x1086.jpg 1536w, https:\/\/luxma.be\/wp-content\/uploads\/2020\/05\/Luxma-overzicht-2048x1448.jpg 2048w\" sizes=\"(max-width: 2560px) 100vw, 2560px\" \/>\t\t\t\t\t\t\t\t\t\t\t\t\t\t\t<\/div>\n\t\t\t\t<\/div>\n\t\t\t\t\t<\/div>\n\t\t<\/div>\n\t\t\t\t<div class=\"elementor-column elementor-col-50 elementor-top-column elementor-element elementor-element-6712565\" data-id=\"6712565\" data-element_type=\"column\" data-e-type=\"column\">\n\t\t\t<div class=\"elementor-widget-wrap elementor-element-populated\">\n\t\t\t\t\t\t<div class=\"elementor-element elementor-element-64d191f elementor-widget elementor-widget-heading\" data-id=\"64d191f\" data-element_type=\"widget\" data-e-type=\"widget\" data-widget_type=\"heading.default\">\n\t\t\t\t<div class=\"elementor-widget-container\">\n\t\t\t\t\t<h3 class=\"elementor-heading-title elementor-size-default\">Gesellschaft<\/h3>\t\t\t\t<\/div>\n\t\t\t\t<\/div>\n\t\t\t\t<div class=\"elementor-element elementor-element-3652684 elementor-widget-divider--view-line elementor-widget elementor-widget-divider\" data-id=\"3652684\" data-element_type=\"widget\" data-e-type=\"widget\" data-widget_type=\"divider.default\">\n\t\t\t\t<div class=\"elementor-widget-container\">\n\t\t\t\t\t\t\t<div class=\"elementor-divider\">\n\t\t\t<span class=\"elementor-divider-separator\">\n\t\t\t\t\t\t<\/span>\n\t\t<\/div>\n\t\t\t\t\t\t<\/div>\n\t\t\t\t<\/div>\n\t\t\t\t<div class=\"elementor-element elementor-element-b4abe92 elementor-widget elementor-widget-text-editor\" data-id=\"b4abe92\" data-element_type=\"widget\" data-e-type=\"widget\" data-widget_type=\"text-editor.default\">\n\t\t\t\t<div class=\"elementor-widget-container\">\n\t\t\t\t\t\t\t\t\t<p>LUXMA ist seit \u00fcber 30 Jahren ein Begriff in der Heimwerkerbranche, dem Holzhandel und dem T\u00fcrenspezialisten. Als Distributor von T\u00fcrbeschl\u00e4gen und -griffen verfolgt LUXMA die Trends genau: Neben einem klassischen T\u00fcrbeschlag-Sortiment in Kupfer, Bronze, Nickel und Edelstahl bieten wir auch ein exklusives Sortiment an Design-T\u00fcrgriffen an.<\/p><p>In unserer Holzabteilung finden Sie ein umfangreiches Sortiment an Au\u00dfent\u00fcren, Vorhangschr\u00e4nken, T\u00fcrzargen, Innenbalken und vielem mehr.<\/p><p>Wir haben auch eine eigene Abteilung f\u00fcr den Druck von Messger\u00e4ten und Bleistiften mit Ihrem eigenen Logo, dies als ideales Gesch\u00e4fts- oder Jahresabschlussgeschenk.<\/p><p>Wir halten alle unsere Artikel f\u00fcr Sie auf Lager, um Ihre Bestellungen schnell und effizient zu erf\u00fcllen.<\/p><p>Ein engagiertes Team aus internen und externen Mitarbeitern steht Ihnen jederzeit mit kompetenter Beratung zur Seite.<\/p><p>LUXMA \u00d6FFNET T\u00dcREN !<\/p>\t\t\t\t\t\t\t\t<\/div>\n\t\t\t\t<\/div>\n\t\t\t\t\t<\/div>\n\t\t<\/div>\n\t\t\t\t\t<\/div>\n\t\t<\/section>\n\t\t\t\t<\/div>","protected":false},"excerpt":{"rendered":"<p>Onderneming LUXMA is reeds meer dan 30 jaar een begrip in de DHZ sector, de houthandel en de deurenspeciaalzaak. Als verdeler van deurbeslag en deurkrukken volgt LUXMA de trends op de voet : naast een klassiek gamma deurbeslag in koper, brons, nikkel en roestvrij staal, bieden wij bovendien een exclusief aanbod design deurkrukken. In onze [&hellip;]<\/p>\n","protected":false},"author":1,"featured_media":0,"parent":0,"menu_order":2,"comment_status":"closed","ping_status":"closed","template":"elementor_header_footer","meta":{"_acf_changed":false,"footnotes":""},"class_list":["post-11","page","type-page","status-publish","hentry"],"acf":[],"_links":{"self":[{"href":"https:\/\/luxma.be\/de\/wp-json\/wp\/v2\/pages\/11","targetHints":{"allow":["GET"]}}],"collection":[{"href":"https:\/\/luxma.be\/de\/wp-json\/wp\/v2\/pages"}],"about":[{"href":"https:\/\/luxma.be\/de\/wp-json\/wp\/v2\/types\/page"}],"author":[{"embeddable":true,"href":"https:\/\/luxma.be\/de\/wp-json\/wp\/v2\/users\/1"}],"replies":[{"embeddable":true,"href":"https:\/\/luxma.be\/de\/wp-json\/wp\/v2\/comments?post=11"}],"version-history":[{"count":0,"href":"https:\/\/luxma.be\/de\/wp-json\/wp\/v2\/pages\/11\/revisions"}],"wp:attachment":[{"href":"https:\/\/luxma.be\/de\/wp-json\/wp\/v2\/media?parent=11"}],"curies":[{"name":"wp","href":"https:\/\/api.w.org\/{rel}","templated":true}]}}